{"id":8066,"date":"2021-11-18T06:35:56","date_gmt":"2021-11-18T06:35:56","guid":{"rendered":"https:\/\/seclasa.com\/serveis\/"},"modified":"2022-11-09T11:37:57","modified_gmt":"2022-11-09T09:37:57","slug":"servicios","status":"publish","type":"page","link":"https:\/\/seclasa.com\/es\/areas-de-actividad\/servicios\/","title":{"rendered":"Servicios"},"content":{"rendered":"\t\t<div data-elementor-type=\"wp-page\" data-elementor-id=\"8066\" class=\"elementor elementor-8066 elementor-2896\" data-elementor-settings=\"{&quot;element_pack_global_tooltip_width&quot;:{&quot;unit&quot;:&quot;px&quot;,&quot;size&quot;:&quot;&quot;,&quot;sizes&quot;:[]},&quot;element_pack_global_tooltip_width_tablet&quot;:{&quot;unit&quot;:&quot;px&quot;,&quot;size&quot;:&quot;&quot;,&quot;sizes&quot;:[]},&quot;element_pack_global_tooltip_width_mobile&quot;:{&quot;unit&quot;:&quot;px&quot;,&quot;size&quot;:&quot;&quot;,&quot;sizes&quot;:[]},&quot;element_pack_global_tooltip_padding&quot;:{&quot;unit&quot;:&quot;px&quot;,&quot;top&quot;:&quot;&quot;,&quot;right&quot;:&quot;&quot;,&quot;bottom&quot;:&quot;&quot;,&quot;left&quot;:&quot;&quot;,&quot;isLinked&quot;:true},&quot;element_pack_global_tooltip_padding_tablet&quot;:{&quot;unit&quot;:&quot;px&quot;,&quot;top&quot;:&quot;&quot;,&quot;right&quot;:&quot;&quot;,&quot;bottom&quot;:&quot;&quot;,&quot;left&quot;:&quot;&quot;,&quot;isLinked&quot;:true},&quot;element_pack_global_tooltip_padding_mobile&quot;:{&quot;unit&quot;:&quot;px&quot;,&quot;top&quot;:&quot;&quot;,&quot;right&quot;:&quot;&quot;,&quot;bottom&quot;:&quot;&quot;,&quot;left&quot;:&quot;&quot;,&quot;isLinked&quot;:true},&quot;element_pack_global_tooltip_border_radius&quot;:{&quot;unit&quot;:&quot;px&quot;,&quot;top&quot;:&quot;&quot;,&quot;right&quot;:&quot;&quot;,&quot;bottom&quot;:&quot;&quot;,&quot;left&quot;:&quot;&quot;,&quot;isLinked&quot;:true},&quot;element_pack_global_tooltip_border_radius_tablet&quot;:{&quot;unit&quot;:&quot;px&quot;,&quot;top&quot;:&quot;&quot;,&quot;right&quot;:&quot;&quot;,&quot;bottom&quot;:&quot;&quot;,&quot;left&quot;:&quot;&quot;,&quot;isLinked&quot;:true},&quot;element_pack_global_tooltip_border_radius_mobile&quot;:{&quot;unit&quot;:&quot;px&quot;,&quot;top&quot;:&quot;&quot;,&quot;right&quot;:&quot;&quot;,&quot;bottom&quot;:&quot;&quot;,&quot;left&quot;:&quot;&quot;,&quot;isLinked&quot;:true}}\" data-elementor-post-type=\"page\">\n\t\t\t\t\t\t<section class=\"elementor-section elementor-top-section elementor-element elementor-element-3fdd874a elementor-section-content-middle elementor-section-boxed elementor-section-height-default elementor-section-height-default\" data-id=\"3fdd874a\" data-element_type=\"section\" data-settings=\"{&quot;background_background&quot;:&quot;classic&quot;}\">\n\t\t\t\t\t\t<div class=\"elementor-container elementor-column-gap-default\">\n\t\t\t\t\t<div class=\"elementor-column elementor-col-50 elementor-top-column elementor-element elementor-element-a9bc640\" data-id=\"a9bc640\" data-element_type=\"column\" data-settings=\"{&quot;background_background&quot;:&quot;classic&quot;}\">\n\t\t\t<div class=\"elementor-widget-wrap elementor-element-populated\">\n\t\t\t\t\t\t<div class=\"elementor-element elementor-element-40ce0623 elementor-widget elementor-widget-image\" data-id=\"40ce0623\" data-element_type=\"widget\" data-widget_type=\"image.default\">\n\t\t\t\t<div class=\"elementor-widget-container\">\n\t\t\t\t\t\t\t\t\t\t\t\t\t\t\t<img fetchpriority=\"high\" decoding=\"async\" width=\"1920\" height=\"1080\" src=\"https:\/\/seclasa.com\/wp-content\/uploads\/2022\/05\/EDIFICACIO-2.jpg\" class=\"attachment-full size-full wp-image-9072\" alt=\"\" srcset=\"https:\/\/seclasa.com\/wp-content\/uploads\/2022\/05\/EDIFICACIO-2.jpg 1920w, https:\/\/seclasa.com\/wp-content\/uploads\/2022\/05\/EDIFICACIO-2-300x169.jpg 300w, https:\/\/seclasa.com\/wp-content\/uploads\/2022\/05\/EDIFICACIO-2-1024x576.jpg 1024w, https:\/\/seclasa.com\/wp-content\/uploads\/2022\/05\/EDIFICACIO-2-768x432.jpg 768w, https:\/\/seclasa.com\/wp-content\/uploads\/2022\/05\/EDIFICACIO-2-1536x864.jpg 1536w\" sizes=\"(max-width: 1920px) 100vw, 1920px\" \/>\t\t\t\t\t\t\t\t\t\t\t\t\t\t\t<\/div>\n\t\t\t\t<\/div>\n\t\t\t\t\t<\/div>\n\t\t<\/div>\n\t\t\t\t<div class=\"elementor-column elementor-col-50 elementor-top-column elementor-element elementor-element-4589c851\" data-id=\"4589c851\" data-element_type=\"column\">\n\t\t\t<div class=\"elementor-widget-wrap elementor-element-populated\">\n\t\t\t\t\t\t<div class=\"elementor-element elementor-element-65a8478 elementor-widget elementor-widget-heading\" data-id=\"65a8478\" data-element_type=\"widget\" data-widget_type=\"heading.default\">\n\t\t\t\t<div class=\"elementor-widget-container\">\n\t\t\t\t\t<h2 class=\"elementor-heading-title elementor-size-default\">Edificaci\u00f3n<\/h2>\t\t\t\t<\/div>\n\t\t\t\t<\/div>\n\t\t\t\t<div class=\"elementor-element elementor-element-023416b elementor-widget elementor-widget-text-editor\" data-id=\"023416b\" data-element_type=\"widget\" data-widget_type=\"text-editor.default\">\n\t\t\t\t<div class=\"elementor-widget-container\">\n\t\t\t\t\t\t\t\t\t<p>Somos especialistas en la ejecuci\u00f3n integral de todo tipo de proyectos de obra nueva y contamos con una dilatada experiencia en este campo. En los \u00faltimos a\u00f1os hemos ido incorporando nuevos sistemas que nos permiten afrontar cualquier proyecto con garant\u00edas de \u00e9xito:<\/p><ul><li>Estructuras prefabricadas de madera, hormig\u00f3n y acero laminado<\/li><li>Utilizaci\u00f3n de materiales sostenibles y reciclables<\/li><li>Metodolog\u00eda BIM para la gesti\u00f3n de los datos del edificio<\/li><li>Sistema Lean Construction para la planificaci\u00f3n de los proyectos y control de los costes<\/li><li>Tecnolog\u00eda aplicada a la reducci\u00f3n del consumo energ\u00e9tico de los edificios<\/li><\/ul>\t\t\t\t\t\t\t\t<\/div>\n\t\t\t\t<\/div>\n\t\t\t\t\t<\/div>\n\t\t<\/div>\n\t\t\t\t\t<\/div>\n\t\t<\/section>\n\t\t\t\t<section class=\"elementor-section elementor-top-section elementor-element elementor-element-6bc9276f elementor-section-content-middle elementor-reverse-mobile elementor-section-boxed elementor-section-height-default elementor-section-height-default\" data-id=\"6bc9276f\" data-element_type=\"section\" data-settings=\"{&quot;background_background&quot;:&quot;classic&quot;}\">\n\t\t\t\t\t\t<div class=\"elementor-container elementor-column-gap-default\">\n\t\t\t\t\t<div class=\"elementor-column elementor-col-50 elementor-top-column elementor-element elementor-element-2584ce0f\" data-id=\"2584ce0f\" data-element_type=\"column\">\n\t\t\t<div class=\"elementor-widget-wrap elementor-element-populated\">\n\t\t\t\t\t\t<div class=\"elementor-element elementor-element-5a71d5f6 elementor-widget elementor-widget-heading\" data-id=\"5a71d5f6\" data-element_type=\"widget\" data-widget_type=\"heading.default\">\n\t\t\t\t<div class=\"elementor-widget-container\">\n\t\t\t\t\t<h2 class=\"elementor-heading-title elementor-size-default\">Rehabilitaci\u00f3n<\/h2>\t\t\t\t<\/div>\n\t\t\t\t<\/div>\n\t\t\t\t<div class=\"elementor-element elementor-element-bff6266 elementor-widget elementor-widget-text-editor\" data-id=\"bff6266\" data-element_type=\"widget\" data-widget_type=\"text-editor.default\">\n\t\t\t\t<div class=\"elementor-widget-container\">\n\t\t\t\t\t\t\t\t\t<p>Conocemos a la perfecci\u00f3n las diferentes t\u00e9cnicas para restituir el estado original o dotar de nuevos usos a los edificios existentes. Nuestro equipo t\u00e9cnico puede afrontar todo tipo de proyectos en este \u00e1mbito:<\/p><ul><li>Recalce de cimentaciones y refuerzo de estructuras<\/li><li>Rehabilitaci\u00f3n de la envolvente de los edificios<\/li><li>Restauraci\u00f3n del Patrimonio Hist\u00f3rico y Art\u00edstico<\/li><li>Mejora de la eficiencia energ\u00e9tica de los edificios<\/li><li>Sustituci\u00f3n de instalaciones obsoletas<\/li><\/ul>\t\t\t\t\t\t\t\t<\/div>\n\t\t\t\t<\/div>\n\t\t\t\t\t<\/div>\n\t\t<\/div>\n\t\t\t\t<div class=\"elementor-column elementor-col-50 elementor-top-column elementor-element elementor-element-26aada19\" data-id=\"26aada19\" data-element_type=\"column\" data-settings=\"{&quot;background_background&quot;:&quot;classic&quot;}\">\n\t\t\t<div class=\"elementor-widget-wrap elementor-element-populated\">\n\t\t\t\t\t\t<div class=\"elementor-element elementor-element-57aa00d0 elementor-widget elementor-widget-image\" data-id=\"57aa00d0\" data-element_type=\"widget\" data-widget_type=\"image.default\">\n\t\t\t\t<div class=\"elementor-widget-container\">\n\t\t\t\t\t\t\t\t\t\t\t\t\t\t\t<img decoding=\"async\" width=\"1920\" height=\"1080\" src=\"https:\/\/seclasa.com\/wp-content\/uploads\/2022\/05\/Seclasa-Rehabilitacio-Biblioteca-Josep-Pla-a-Sant-Pere-de-Ribes.jpg\" class=\"attachment-full size-full wp-image-7923\" alt=\"\" srcset=\"https:\/\/seclasa.com\/wp-content\/uploads\/2022\/05\/Seclasa-Rehabilitacio-Biblioteca-Josep-Pla-a-Sant-Pere-de-Ribes.jpg 1920w, https:\/\/seclasa.com\/wp-content\/uploads\/2022\/05\/Seclasa-Rehabilitacio-Biblioteca-Josep-Pla-a-Sant-Pere-de-Ribes-300x169.jpg 300w, https:\/\/seclasa.com\/wp-content\/uploads\/2022\/05\/Seclasa-Rehabilitacio-Biblioteca-Josep-Pla-a-Sant-Pere-de-Ribes-1024x576.jpg 1024w, https:\/\/seclasa.com\/wp-content\/uploads\/2022\/05\/Seclasa-Rehabilitacio-Biblioteca-Josep-Pla-a-Sant-Pere-de-Ribes-768x432.jpg 768w, https:\/\/seclasa.com\/wp-content\/uploads\/2022\/05\/Seclasa-Rehabilitacio-Biblioteca-Josep-Pla-a-Sant-Pere-de-Ribes-1536x864.jpg 1536w\" sizes=\"(max-width: 1920px) 100vw, 1920px\" \/>\t\t\t\t\t\t\t\t\t\t\t\t\t\t\t<\/div>\n\t\t\t\t<\/div>\n\t\t\t\t\t<\/div>\n\t\t<\/div>\n\t\t\t\t\t<\/div>\n\t\t<\/section>\n\t\t\t\t<section class=\"elementor-section elementor-top-section elementor-element elementor-element-350b0ccf elementor-section-content-middle elementor-section-boxed elementor-section-height-default elementor-section-height-default\" data-id=\"350b0ccf\" data-element_type=\"section\" data-settings=\"{&quot;background_background&quot;:&quot;classic&quot;}\">\n\t\t\t\t\t\t<div class=\"elementor-container elementor-column-gap-default\">\n\t\t\t\t\t<div class=\"elementor-column elementor-col-50 elementor-top-column elementor-element elementor-element-10e39b16\" data-id=\"10e39b16\" data-element_type=\"column\" data-settings=\"{&quot;background_background&quot;:&quot;classic&quot;}\">\n\t\t\t<div class=\"elementor-widget-wrap elementor-element-populated\">\n\t\t\t\t\t\t<div class=\"elementor-element elementor-element-70a9546d elementor-widget elementor-widget-image\" data-id=\"70a9546d\" data-element_type=\"widget\" data-widget_type=\"image.default\">\n\t\t\t\t<div class=\"elementor-widget-container\">\n\t\t\t\t\t\t\t\t\t\t\t\t\t\t\t<img decoding=\"async\" width=\"1920\" height=\"1080\" src=\"https:\/\/seclasa.com\/wp-content\/uploads\/2022\/05\/Seclasa-Reforma-i-ampliacio-Hospital-Moises-Broggi-Hospitalet-de-Llobregat.jpg\" class=\"attachment-full size-full wp-image-7925\" alt=\"\" srcset=\"https:\/\/seclasa.com\/wp-content\/uploads\/2022\/05\/Seclasa-Reforma-i-ampliacio-Hospital-Moises-Broggi-Hospitalet-de-Llobregat.jpg 1920w, https:\/\/seclasa.com\/wp-content\/uploads\/2022\/05\/Seclasa-Reforma-i-ampliacio-Hospital-Moises-Broggi-Hospitalet-de-Llobregat-300x169.jpg 300w, https:\/\/seclasa.com\/wp-content\/uploads\/2022\/05\/Seclasa-Reforma-i-ampliacio-Hospital-Moises-Broggi-Hospitalet-de-Llobregat-1024x576.jpg 1024w, https:\/\/seclasa.com\/wp-content\/uploads\/2022\/05\/Seclasa-Reforma-i-ampliacio-Hospital-Moises-Broggi-Hospitalet-de-Llobregat-768x432.jpg 768w, https:\/\/seclasa.com\/wp-content\/uploads\/2022\/05\/Seclasa-Reforma-i-ampliacio-Hospital-Moises-Broggi-Hospitalet-de-Llobregat-1536x864.jpg 1536w\" sizes=\"(max-width: 1920px) 100vw, 1920px\" \/>\t\t\t\t\t\t\t\t\t\t\t\t\t\t\t<\/div>\n\t\t\t\t<\/div>\n\t\t\t\t\t<\/div>\n\t\t<\/div>\n\t\t\t\t<div class=\"elementor-column elementor-col-50 elementor-top-column elementor-element elementor-element-309d52a2\" data-id=\"309d52a2\" data-element_type=\"column\">\n\t\t\t<div class=\"elementor-widget-wrap elementor-element-populated\">\n\t\t\t\t\t\t<div class=\"elementor-element elementor-element-e84c2bd elementor-widget elementor-widget-heading\" data-id=\"e84c2bd\" data-element_type=\"widget\" data-widget_type=\"heading.default\">\n\t\t\t\t<div class=\"elementor-widget-container\">\n\t\t\t\t\t<h2 class=\"elementor-heading-title elementor-size-default\">Reforma y ampliaci\u00f3n<\/h2>\t\t\t\t<\/div>\n\t\t\t\t<\/div>\n\t\t\t\t<div class=\"elementor-element elementor-element-7a672f8 elementor-widget elementor-widget-text-editor\" data-id=\"7a672f8\" data-element_type=\"widget\" data-widget_type=\"text-editor.default\">\n\t\t\t\t<div class=\"elementor-widget-container\">\n\t\t\t\t\t\t\t\t\t<p>Contamos con una gran experiencia en la realizaci\u00f3n de obras en edificios en uso que necesitan de una intervenci\u00f3n puntual. A menudo, en las reformas, se produce una elevada concurrencia con los usuarios del edificio, lo que hace necesario un estudio previo muy esmerado de la implantaci\u00f3n, recorridos, puntos cr\u00edticos y posibles interferencias:<\/p><ul><li>N\u00facleos de zonas h\u00famedas<\/li><li>Cocinas y comedores industriales<\/li><li>Laboratorios y salas de consulta<\/li><li>Unidades de cuidados intensivos y quir\u00f3fanos<\/li><li>Sustituci\u00f3n o mejora de todo tipo de instalaciones<\/li><\/ul>\t\t\t\t\t\t\t\t<\/div>\n\t\t\t\t<\/div>\n\t\t\t\t\t<\/div>\n\t\t<\/div>\n\t\t\t\t\t<\/div>\n\t\t<\/section>\n\t\t\t\t<section class=\"elementor-section elementor-top-section elementor-element elementor-element-b49b1c1 elementor-section-content-middle elementor-reverse-mobile elementor-section-boxed elementor-section-height-default elementor-section-height-default\" data-id=\"b49b1c1\" data-element_type=\"section\" data-settings=\"{&quot;background_background&quot;:&quot;classic&quot;}\">\n\t\t\t\t\t\t<div class=\"elementor-container elementor-column-gap-default\">\n\t\t\t\t\t<div class=\"elementor-column elementor-col-50 elementor-top-column elementor-element elementor-element-1e02c47a\" data-id=\"1e02c47a\" data-element_type=\"column\">\n\t\t\t<div class=\"elementor-widget-wrap elementor-element-populated\">\n\t\t\t\t\t\t<div class=\"elementor-element elementor-element-10e1f391 elementor-widget elementor-widget-heading\" data-id=\"10e1f391\" data-element_type=\"widget\" data-widget_type=\"heading.default\">\n\t\t\t\t<div class=\"elementor-widget-container\">\n\t\t\t\t\t<h2 class=\"elementor-heading-title elementor-size-default\">redacci\u00f3n de Proyectos<\/h2>\t\t\t\t<\/div>\n\t\t\t\t<\/div>\n\t\t\t\t<div class=\"elementor-element elementor-element-78b8ab5 elementor-widget elementor-widget-text-editor\" data-id=\"78b8ab5\" data-element_type=\"widget\" data-widget_type=\"text-editor.default\">\n\t\t\t\t<div class=\"elementor-widget-container\">\n\t\t\t\t\t\t\t\t\t<p>Contamos con equipo t\u00e9cnico pluridisciplinar preparado para la redacci\u00f3n de proyectos de arquitectura, y con un amplio curr\u00edculum en todo tipo de servicios t\u00e9cnicos relacionados con la edificaci\u00f3n. Ofrecemos un trato totalmente personalizado y adaptado a las necesidades concretas de cada cliente:<\/p><ul><li>Estudios previos y anteproyectos<\/li><li>Proyectos b\u00e1sicos y ejecutivos<\/li><li>Direcciones de obra<\/li><li>Informes t\u00e9cnicos<\/li><li>Proyectos \u201cAs Built\u201d<\/li><\/ul>\t\t\t\t\t\t\t\t<\/div>\n\t\t\t\t<\/div>\n\t\t\t\t\t<\/div>\n\t\t<\/div>\n\t\t\t\t<div class=\"elementor-column elementor-col-50 elementor-top-column elementor-element elementor-element-1f99761d\" data-id=\"1f99761d\" data-element_type=\"column\" data-settings=\"{&quot;background_background&quot;:&quot;classic&quot;}\">\n\t\t\t<div class=\"elementor-widget-wrap elementor-element-populated\">\n\t\t\t\t\t\t<div class=\"elementor-element elementor-element-cc3def6 elementor-widget elementor-widget-image\" data-id=\"cc3def6\" data-element_type=\"widget\" data-widget_type=\"image.default\">\n\t\t\t\t<div class=\"elementor-widget-container\">\n\t\t\t\t\t\t\t\t\t\t\t\t\t\t\t<img loading=\"lazy\" decoding=\"async\" width=\"1920\" height=\"1080\" src=\"https:\/\/seclasa.com\/wp-content\/uploads\/2022\/05\/Seclasa-Projectes-Escola-Olesa-de-Montserrat.jpg\" class=\"attachment-full size-full wp-image-7927\" alt=\"\" srcset=\"https:\/\/seclasa.com\/wp-content\/uploads\/2022\/05\/Seclasa-Projectes-Escola-Olesa-de-Montserrat.jpg 1920w, https:\/\/seclasa.com\/wp-content\/uploads\/2022\/05\/Seclasa-Projectes-Escola-Olesa-de-Montserrat-300x169.jpg 300w, https:\/\/seclasa.com\/wp-content\/uploads\/2022\/05\/Seclasa-Projectes-Escola-Olesa-de-Montserrat-1024x576.jpg 1024w, https:\/\/seclasa.com\/wp-content\/uploads\/2022\/05\/Seclasa-Projectes-Escola-Olesa-de-Montserrat-768x432.jpg 768w, https:\/\/seclasa.com\/wp-content\/uploads\/2022\/05\/Seclasa-Projectes-Escola-Olesa-de-Montserrat-1536x864.jpg 1536w\" sizes=\"(max-width: 1920px) 100vw, 1920px\" \/>\t\t\t\t\t\t\t\t\t\t\t\t\t\t\t<\/div>\n\t\t\t\t<\/div>\n\t\t\t\t\t<\/div>\n\t\t<\/div>\n\t\t\t\t\t<\/div>\n\t\t<\/section>\n\t\t\t\t<\/div>\n\t\t","protected":false},"excerpt":{"rendered":"<p>Edificaci\u00f3n Somos especialistas en la ejecuci\u00f3n integral de todo tipo de proyectos de obra nueva y contamos con una dilatada experiencia en este campo. En los \u00faltimos a\u00f1os hemos ido incorporando nuevos sistemas que nos permiten afrontar cualquier proyecto con garant\u00edas de \u00e9xito: Estructuras prefabricadas de madera, hormig\u00f3n y acero laminado Utilizaci\u00f3n de materiales sostenibles [&hellip;]<\/p>\n","protected":false},"author":1,"featured_media":0,"parent":8053,"menu_order":0,"comment_status":"closed","ping_status":"closed","template":"elementor_header_footer","meta":{"_acf_changed":false,"footnotes":""},"class_list":["post-8066","page","type-page","status-publish","hentry"],"acf":[],"yoast_head":"<!-- This site is optimized with the Yoast SEO plugin v25.6 - https:\/\/yoast.com\/wordpress\/plugins\/seo\/ -->\n<title>Servicios - SECLASA<\/title>\n<meta name=\"robots\" content=\"index, follow, max-snippet:-1, max-image-preview:large, max-video-preview:-1\" \/>\n<link rel=\"canonical\" href=\"https:\/\/seclasa.com\/es\/areas-de-actividad\/servicios\/\" \/>\n<meta property=\"og:locale\" content=\"es_ES\" \/>\n<meta property=\"og:type\" content=\"article\" \/>\n<meta property=\"og:title\" content=\"Servicios - SECLASA\" \/>\n<meta property=\"og:description\" content=\"Edificaci\u00f3n Somos especialistas en la ejecuci\u00f3n integral de todo tipo de proyectos de obra nueva y contamos con una dilatada experiencia en este campo. En los \u00faltimos a\u00f1os hemos ido incorporando nuevos sistemas que nos permiten afrontar cualquier proyecto con garant\u00edas de \u00e9xito: Estructuras prefabricadas de madera, hormig\u00f3n y acero laminado Utilizaci\u00f3n de materiales sostenibles [&hellip;]\" \/>\n<meta property=\"og:url\" content=\"https:\/\/seclasa.com\/es\/areas-de-actividad\/servicios\/\" \/>\n<meta property=\"og:site_name\" content=\"SECLASA\" \/>\n<meta property=\"article:modified_time\" content=\"2022-11-09T09:37:57+00:00\" \/>\n<meta property=\"og:image\" content=\"https:\/\/seclasa.com\/wp-content\/uploads\/2022\/05\/EDIFICACIO-2.jpg\" \/>\n<meta name=\"twitter:card\" content=\"summary_large_image\" \/>\n<meta name=\"twitter:label1\" content=\"Tiempo de lectura\" \/>\n\t<meta name=\"twitter:data1\" content=\"3 minutos\" \/>\n<script type=\"application\/ld+json\" class=\"yoast-schema-graph\">{\"@context\":\"https:\/\/schema.org\",\"@graph\":[{\"@type\":\"WebPage\",\"@id\":\"https:\/\/seclasa.com\/es\/areas-de-actividad\/servicios\/\",\"url\":\"https:\/\/seclasa.com\/es\/areas-de-actividad\/servicios\/\",\"name\":\"Servicios - SECLASA\",\"isPartOf\":{\"@id\":\"https:\/\/seclasa.com\/es\/#website\"},\"primaryImageOfPage\":{\"@id\":\"https:\/\/seclasa.com\/es\/areas-de-actividad\/servicios\/#primaryimage\"},\"image\":{\"@id\":\"https:\/\/seclasa.com\/es\/areas-de-actividad\/servicios\/#primaryimage\"},\"thumbnailUrl\":\"https:\/\/seclasa.com\/wp-content\/uploads\/2022\/05\/EDIFICACIO-2.jpg\",\"datePublished\":\"2021-11-18T06:35:56+00:00\",\"dateModified\":\"2022-11-09T09:37:57+00:00\",\"breadcrumb\":{\"@id\":\"https:\/\/seclasa.com\/es\/areas-de-actividad\/servicios\/#breadcrumb\"},\"inLanguage\":\"es\",\"potentialAction\":[{\"@type\":\"ReadAction\",\"target\":[\"https:\/\/seclasa.com\/es\/areas-de-actividad\/servicios\/\"]}]},{\"@type\":\"ImageObject\",\"inLanguage\":\"es\",\"@id\":\"https:\/\/seclasa.com\/es\/areas-de-actividad\/servicios\/#primaryimage\",\"url\":\"https:\/\/seclasa.com\/wp-content\/uploads\/2022\/05\/EDIFICACIO-2.jpg\",\"contentUrl\":\"https:\/\/seclasa.com\/wp-content\/uploads\/2022\/05\/EDIFICACIO-2.jpg\"},{\"@type\":\"BreadcrumbList\",\"@id\":\"https:\/\/seclasa.com\/es\/areas-de-actividad\/servicios\/#breadcrumb\",\"itemListElement\":[{\"@type\":\"ListItem\",\"position\":1,\"name\":\"Inici\",\"item\":\"https:\/\/seclasa.com\/es\/\"},{\"@type\":\"ListItem\",\"position\":2,\"name\":\"\u00c1REAS DE ACTIVIDAD\",\"item\":\"https:\/\/seclasa.com\/es\/areas-de-actividad\/\"},{\"@type\":\"ListItem\",\"position\":3,\"name\":\"Servicios\"}]},{\"@type\":\"WebSite\",\"@id\":\"https:\/\/seclasa.com\/es\/#website\",\"url\":\"https:\/\/seclasa.com\/es\/\",\"name\":\"SECLASA\",\"description\":\"Construcci\u00f3 i rehabilitaci\u00f3\",\"potentialAction\":[{\"@type\":\"SearchAction\",\"target\":{\"@type\":\"EntryPoint\",\"urlTemplate\":\"https:\/\/seclasa.com\/es\/?s={search_term_string}\"},\"query-input\":{\"@type\":\"PropertyValueSpecification\",\"valueRequired\":true,\"valueName\":\"search_term_string\"}}],\"inLanguage\":\"es\"}]}<\/script>\n<!-- \/ Yoast SEO plugin. -->","yoast_head_json":{"title":"Servicios - SECLASA","robots":{"index":"index","follow":"follow","max-snippet":"max-snippet:-1","max-image-preview":"max-image-preview:large","max-video-preview":"max-video-preview:-1"},"canonical":"https:\/\/seclasa.com\/es\/areas-de-actividad\/servicios\/","og_locale":"es_ES","og_type":"article","og_title":"Servicios - SECLASA","og_description":"Edificaci\u00f3n Somos especialistas en la ejecuci\u00f3n integral de todo tipo de proyectos de obra nueva y contamos con una dilatada experiencia en este campo. En los \u00faltimos a\u00f1os hemos ido incorporando nuevos sistemas que nos permiten afrontar cualquier proyecto con garant\u00edas de \u00e9xito: Estructuras prefabricadas de madera, hormig\u00f3n y acero laminado Utilizaci\u00f3n de materiales sostenibles [&hellip;]","og_url":"https:\/\/seclasa.com\/es\/areas-de-actividad\/servicios\/","og_site_name":"SECLASA","article_modified_time":"2022-11-09T09:37:57+00:00","og_image":[{"url":"https:\/\/seclasa.com\/wp-content\/uploads\/2022\/05\/EDIFICACIO-2.jpg","type":"","width":"","height":""}],"twitter_card":"summary_large_image","twitter_misc":{"Tiempo de lectura":"3 minutos"},"schema":{"@context":"https:\/\/schema.org","@graph":[{"@type":"WebPage","@id":"https:\/\/seclasa.com\/es\/areas-de-actividad\/servicios\/","url":"https:\/\/seclasa.com\/es\/areas-de-actividad\/servicios\/","name":"Servicios - SECLASA","isPartOf":{"@id":"https:\/\/seclasa.com\/es\/#website"},"primaryImageOfPage":{"@id":"https:\/\/seclasa.com\/es\/areas-de-actividad\/servicios\/#primaryimage"},"image":{"@id":"https:\/\/seclasa.com\/es\/areas-de-actividad\/servicios\/#primaryimage"},"thumbnailUrl":"https:\/\/seclasa.com\/wp-content\/uploads\/2022\/05\/EDIFICACIO-2.jpg","datePublished":"2021-11-18T06:35:56+00:00","dateModified":"2022-11-09T09:37:57+00:00","breadcrumb":{"@id":"https:\/\/seclasa.com\/es\/areas-de-actividad\/servicios\/#breadcrumb"},"inLanguage":"es","potentialAction":[{"@type":"ReadAction","target":["https:\/\/seclasa.com\/es\/areas-de-actividad\/servicios\/"]}]},{"@type":"ImageObject","inLanguage":"es","@id":"https:\/\/seclasa.com\/es\/areas-de-actividad\/servicios\/#primaryimage","url":"https:\/\/seclasa.com\/wp-content\/uploads\/2022\/05\/EDIFICACIO-2.jpg","contentUrl":"https:\/\/seclasa.com\/wp-content\/uploads\/2022\/05\/EDIFICACIO-2.jpg"},{"@type":"BreadcrumbList","@id":"https:\/\/seclasa.com\/es\/areas-de-actividad\/servicios\/#breadcrumb","itemListElement":[{"@type":"ListItem","position":1,"name":"Inici","item":"https:\/\/seclasa.com\/es\/"},{"@type":"ListItem","position":2,"name":"\u00c1REAS DE ACTIVIDAD","item":"https:\/\/seclasa.com\/es\/areas-de-actividad\/"},{"@type":"ListItem","position":3,"name":"Servicios"}]},{"@type":"WebSite","@id":"https:\/\/seclasa.com\/es\/#website","url":"https:\/\/seclasa.com\/es\/","name":"SECLASA","description":"Construcci\u00f3 i rehabilitaci\u00f3","potentialAction":[{"@type":"SearchAction","target":{"@type":"EntryPoint","urlTemplate":"https:\/\/seclasa.com\/es\/?s={search_term_string}"},"query-input":{"@type":"PropertyValueSpecification","valueRequired":true,"valueName":"search_term_string"}}],"inLanguage":"es"}]}},"_links":{"self":[{"href":"https:\/\/seclasa.com\/es\/wp-json\/wp\/v2\/pages\/8066","targetHints":{"allow":["GET"]}}],"collection":[{"href":"https:\/\/seclasa.com\/es\/wp-json\/wp\/v2\/pages"}],"about":[{"href":"https:\/\/seclasa.com\/es\/wp-json\/wp\/v2\/types\/page"}],"author":[{"embeddable":true,"href":"https:\/\/seclasa.com\/es\/wp-json\/wp\/v2\/users\/1"}],"replies":[{"embeddable":true,"href":"https:\/\/seclasa.com\/es\/wp-json\/wp\/v2\/comments?post=8066"}],"version-history":[{"count":3,"href":"https:\/\/seclasa.com\/es\/wp-json\/wp\/v2\/pages\/8066\/revisions"}],"predecessor-version":[{"id":10256,"href":"https:\/\/seclasa.com\/es\/wp-json\/wp\/v2\/pages\/8066\/revisions\/10256"}],"up":[{"embeddable":true,"href":"https:\/\/seclasa.com\/es\/wp-json\/wp\/v2\/pages\/8053"}],"wp:attachment":[{"href":"https:\/\/seclasa.com\/es\/wp-json\/wp\/v2\/media?parent=8066"}],"curies":[{"name":"wp","href":"https:\/\/api.w.org\/{rel}","templated":true}]}}